{"id":27,"date":"2021-10-17T13:33:16","date_gmt":"2021-10-17T11:33:16","guid":{"rendered":"http:\/\/www.grazer-wild.at\/?page_id=27"},"modified":"2025-10-30T11:36:49","modified_gmt":"2025-10-30T10:36:49","slug":"home","status":"publish","type":"page","link":"https:\/\/www.grazer-wild.at\/","title":{"rendered":"Home"},"content":{"rendered":"\t\t<div data-elementor-type=\"wp-page\" data-elementor-id=\"27\" class=\"elementor elementor-27\">\n\t\t\t\t\t\t<section class=\"elementor-section elementor-top-section elementor-element elementor-element-531872dc elementor-section-boxed elementor-section-height-default elementor-section-height-default\" data-id=\"531872dc\" data-element_type=\"section\" data-e-type=\"section\">\n\t\t\t\t\t\t<div class=\"elementor-container elementor-column-gap-default\">\n\t\t\t\t\t<div class=\"elementor-column elementor-col-100 elementor-top-column elementor-element elementor-element-51ec8b19\" data-id=\"51ec8b19\" data-element_type=\"column\" data-e-type=\"column\">\n\t\t\t<div class=\"elementor-widget-wrap elementor-element-populated\">\n\t\t\t\t\t\t<div class=\"elementor-element elementor-element-6201bbb1 elementor-widget__width-initial elementor-widget elementor-widget-text-editor\" data-id=\"6201bbb1\" data-element_type=\"widget\" data-e-type=\"widget\" data-widget_type=\"text-editor.default\">\n\t\t\t\t<div class=\"elementor-widget-container\">\n\t\t\t\t\t\t\t\t\t<ul><li>Herzlich Willkommen<\/li><\/ul><p><img fetchpriority=\"high\" decoding=\"async\" src=\"https:\/\/www.grazer-wild.at\/wp-content\/uploads\/2021\/10\/20211017_124403-scaled.jpg\" sizes=\"(max-width: 2560px) 100vw, 2560px\" srcset=\"https:\/\/www.grazer-wild.at\/wp-content\/uploads\/2021\/10\/20211017_124403-scaled.jpg 2560w, https:\/\/www.grazer-wild.at\/wp-content\/uploads\/2021\/10\/20211017_124403-300x135.jpg 300w, https:\/\/www.grazer-wild.at\/wp-content\/uploads\/2021\/10\/20211017_124403-1024x461.jpg 1024w, https:\/\/www.grazer-wild.at\/wp-content\/uploads\/2021\/10\/20211017_124403-768x346.jpg 768w, https:\/\/www.grazer-wild.at\/wp-content\/uploads\/2021\/10\/20211017_124403-1536x692.jpg 1536w, https:\/\/www.grazer-wild.at\/wp-content\/uploads\/2021\/10\/20211017_124403-2048x922.jpg 2048w\" alt=\"\" width=\"2560\" height=\"1153\" \/><\/p><p style=\"font-variant-ligatures: normal; font-variant-caps: normal; font-family: Roboto, sans-serif; font-style: normal; text-align: center;\"><strong>Es freut uns, Sie auf unserer Homepage begr\u00fc\u00dfen zu d\u00fcrfen!<\/strong><\/p><p style=\"font-variant-ligatures: normal; font-variant-caps: normal; font-family: Roboto, sans-serif; font-style: normal; text-align: center;\"><span style=\"font-size: 19px;\">Ganzj\u00e4hrig Wildfleisch direkt vom Bauern. Unser Frischfleisch direkt ab Hof gibt es 4 Mal im Jahr<\/span><\/p><p><strong>Ende M\u00e4rz \/ Anfang April vor Ostern<\/strong><\/p><p><strong>Im Juni \/ Juli zur Grillzeit im Sommer<\/strong><\/p><p><strong>Im September zur Wildsaison\u00a0<\/strong><\/p><p><strong>Anfang Dezember zur Weihnachtszeit<\/strong><\/p><p><span style=\"font-family: Roboto, sans-serif; font-size: 23px; font-style: normal; font-variant-ligatures: normal; font-variant-caps: normal; font-weight: 600;\">Wir nehmen g<\/span><span style=\"font-family: Roboto, sans-serif; font-size: 23px; font-style: normal; font-variant-ligatures: normal; font-variant-caps: normal; font-weight: bold;\">erne Ihre Bestellung f\u00fcr den n\u00e4chsten Frischfleischverkauf entgegen!<\/span><\/p><div>\u00a0<\/div><p style=\"font-variant-ligatures: normal; font-variant-caps: normal; font-family: Roboto, sans-serif; font-style: normal; text-align: left;\">Essen Sie gerne Wildfleisch?<\/p><p style=\"font-variant-ligatures: normal; font-variant-caps: normal; font-family: Roboto, sans-serif; font-style: normal;\">Wussten Sie, dass die H\u00e4lfte des in \u00d6sterreich verzehrten Wildfleisches importiert wird und dies zu einem gro\u00dfen Teil aus Neuseeland, am anderen Ende der Welt? Nur die restlichen 50% stammen aus der Jagd und von den \u00f6sterreichischen landwirtschaftlichen Wildhaltern.<\/p><p style=\"font-variant-ligatures: normal; font-variant-caps: normal; font-family: Roboto, sans-serif; font-style: normal;\">Bei uns bekommen Sie regionales Wildfleisch aus nachhaltiger Landwirtschaft!<\/p><p style=\"font-variant-ligatures: normal; font-variant-caps: normal; font-family: Roboto, sans-serif; font-style: normal;\">Im Vergleich zu Wildfleisch, welches durch die Jagd erzeugt wird k\u00f6nnen wir alle die Qualit\u00e4t beeinflussenden Faktoren steuern:<br \/>Wir halten das Wild artgerecht in gro\u00dfen naturnahen Gehegen und sorgen immer f\u00fcr ausreichende Nahrung, auch im Winter. Der Tierarzt betreut und kontrolliert das Wild, damit gesunde Tiere heranwachsen. Unser Wild wird stressfrei durch Weideschuss geschlachtet und sofort am Hof in hygienischen und streng kontrollierten R\u00e4umen verarbeitet. So wird Wildfleisch von bester Qualit\u00e4t erzeugt und das in Ihrer N\u00e4he, ohne lange Transportwege!<br \/>Farmwild wird bereits seit Jahrhunderten domestiziert und ist daher an Menschen und die Haltungsweise gew\u00f6hnt. Dementsprechend ist es nicht mehr mit frei lebendem Wild gleichzustellen.<\/p><p style=\"font-variant-ligatures: normal; font-variant-caps: normal; font-family: Roboto, sans-serif; font-style: normal;\">Wildfleisch vom Bauern steht f\u00fcr h\u00f6chste Qualit\u00e4t aus \u00d6sterreich und wird regional von \u00f6sterreichischen Bauern erzeugt!<\/p><p style=\"font-variant-ligatures: normal; font-variant-caps: normal; font-family: Roboto, sans-serif; font-style: normal;\">Wir befinden uns am Rande des Grazer Bezirks Andritz.<br \/>Kommen Sie doch einmal bei uns vorbei, gerne k\u00f6nnen Sie hier die Tiere aus n\u00e4chster N\u00e4he beobachten!<\/p><p><img decoding=\"async\" title=\"Startseite\" src=\"https:\/\/www.grazer-wild.at\/wp-content\/uploads\/elementor\/thumbs\/Startseite-p28kbjqtevcx19c88zyek088bjqc0tek943xemr85c.jpg\" alt=\"Startseite\" \/><\/p><h1>Kommen Sie uns doch einmal besuchen!<\/h1><p style=\"text-align: center;\">Schreiben Sie uns ihren Wunschtermin<\/p><p style=\"text-align: center;\"><a href=\"https:\/\/www.grazer-wild.at\/?page_id=44\">Zu den Kontakten<\/a><\/p><p><iframe title=\"Radegunderstrasse 215\" src=\"https:\/\/maps.google.com\/maps?q=Radegunderstrasse%20215&amp;t=m&amp;z=9&amp;output=embed&amp;iwloc=near\" frameborder=\"0\" marginwidth=\"0\" marginheight=\"0\" scrolling=\"no\" aria-label=\"Radegunderstrasse 215\"><\/iframe><\/p>\t\t\t\t\t\t\t\t<\/div>\n\t\t\t\t<\/div>\n\t\t\t\t\t<\/div>\n\t\t<\/div>\n\t\t\t\t\t<\/div>\n\t\t<\/section>\n\t\t\t\t<\/div>\n\t\t","protected":false},"excerpt":{"rendered":"<p>Herzlich Willkommen Es freut uns, Sie auf unserer Homepage begr\u00fc\u00dfen zu d\u00fcrfen! Ganzj\u00e4hrig Wildfleisch direkt vom Bauern. Unser Frischfleisch direkt ab Hof gibt es 4 Mal im Jahr Ende M\u00e4rz \/ Anfang April vor Ostern Im Juni \/ Juli zur Grillzeit im Sommer Im September zur Wildsaison\u00a0 Anfang Dezember zur Weihnachtszeit Wir nehmen gerne Ihre [&hellip;]<\/p>\n","protected":false},"author":2,"featured_media":0,"parent":0,"menu_order":0,"comment_status":"closed","ping_status":"closed","template":"","meta":{"ngg_post_thumbnail":0,"ocean_post_layout":"full-screen","ocean_both_sidebars_style":"","ocean_both_sidebars_content_width":0,"ocean_both_sidebars_sidebars_width":0,"ocean_sidebar":"0","ocean_second_sidebar":"0","ocean_disable_margins":"enable","ocean_add_body_class":"","ocean_shortcode_before_top_bar":"","ocean_shortcode_after_top_bar":"","ocean_shortcode_before_header":"","ocean_shortcode_after_header":"","ocean_has_shortcode":"","ocean_shortcode_after_title":"","ocean_shortcode_before_footer_widgets":"","ocean_shortcode_after_footer_widgets":"","ocean_shortcode_before_footer_bottom":"","ocean_shortcode_after_footer_bottom":"","ocean_display_top_bar":"on","ocean_display_header":"on","ocean_header_style":"","ocean_center_header_left_menu":"0","ocean_custom_header_template":"0","ocean_custom_logo":0,"ocean_custom_retina_logo":0,"ocean_custom_logo_max_width":0,"ocean_custom_logo_tablet_max_width":0,"ocean_custom_logo_mobile_max_width":0,"ocean_custom_logo_max_height":0,"ocean_custom_logo_tablet_max_height":0,"ocean_custom_logo_mobile_max_height":0,"ocean_header_custom_menu":"0","ocean_menu_typo_font_family":"0","ocean_menu_typo_font_subset":"","ocean_menu_typo_font_size":0,"ocean_menu_typo_font_size_tablet":0,"ocean_menu_typo_font_size_mobile":0,"ocean_menu_typo_font_size_unit":"px","ocean_menu_typo_font_weight":"","ocean_menu_typo_font_weight_tablet":"","ocean_menu_typo_font_weight_mobile":"","ocean_menu_typo_transform":"","ocean_menu_typo_transform_tablet":"","ocean_menu_typo_transform_mobile":"","ocean_menu_typo_line_height":0,"ocean_menu_typo_line_height_tablet":0,"ocean_menu_typo_line_height_mobile":0,"ocean_menu_typo_line_height_unit":"","ocean_menu_typo_spacing":0,"ocean_menu_typo_spacing_tablet":0,"ocean_menu_typo_spacing_mobile":0,"ocean_menu_typo_spacing_unit":"","ocean_menu_link_color":"","ocean_menu_link_color_hover":"","ocean_menu_link_color_active":"","ocean_menu_link_background":"","ocean_menu_link_hover_background":"","ocean_menu_link_active_background":"","ocean_menu_social_links_bg":"","ocean_menu_social_hover_links_bg":"","ocean_menu_social_links_color":"","ocean_menu_social_hover_links_color":"","ocean_disable_title":"on","ocean_disable_heading":"default","ocean_post_title":"","ocean_post_subheading":"","ocean_post_title_style":"","ocean_post_title_background_color":"","ocean_post_title_background":0,"ocean_post_title_bg_image_position":"","ocean_post_title_bg_image_attachment":"","ocean_post_title_bg_image_repeat":"","ocean_post_title_bg_image_size":"","ocean_post_title_height":0,"ocean_post_title_bg_overlay":0.5,"ocean_post_title_bg_overlay_color":"","ocean_disable_breadcrumbs":"default","ocean_breadcrumbs_color":"","ocean_breadcrumbs_separator_color":"","ocean_breadcrumbs_links_color":"","ocean_breadcrumbs_links_hover_color":"","ocean_display_footer_widgets":"on","ocean_display_footer_bottom":"on","ocean_custom_footer_template":"0","footnotes":""},"class_list":["post-27","page","type-page","status-publish","hentry","entry"],"jetpack_sharing_enabled":true,"_links":{"self":[{"href":"https:\/\/www.grazer-wild.at\/index.php?rest_route=\/wp\/v2\/pages\/27","targetHints":{"allow":["GET"]}}],"collection":[{"href":"https:\/\/www.grazer-wild.at\/index.php?rest_route=\/wp\/v2\/pages"}],"about":[{"href":"https:\/\/www.grazer-wild.at\/index.php?rest_route=\/wp\/v2\/types\/page"}],"author":[{"embeddable":true,"href":"https:\/\/www.grazer-wild.at\/index.php?rest_route=\/wp\/v2\/users\/2"}],"replies":[{"embeddable":true,"href":"https:\/\/www.grazer-wild.at\/index.php?rest_route=%2Fwp%2Fv2%2Fcomments&post=27"}],"version-history":[{"count":149,"href":"https:\/\/www.grazer-wild.at\/index.php?rest_route=\/wp\/v2\/pages\/27\/revisions"}],"predecessor-version":[{"id":960,"href":"https:\/\/www.grazer-wild.at\/index.php?rest_route=\/wp\/v2\/pages\/27\/revisions\/960"}],"wp:attachment":[{"href":"https:\/\/www.grazer-wild.at\/index.php?rest_route=%2Fwp%2Fv2%2Fmedia&parent=27"}],"curies":[{"name":"wp","href":"https:\/\/api.w.org\/{rel}","templated":true}]}}